{"id":3837,"date":"2017-10-16T15:33:17","date_gmt":"2017-10-16T15:33:17","guid":{"rendered":"http:\/\/www.ahbvpf.pt\/?page_id=3837"},"modified":"2024-11-18T23:03:28","modified_gmt":"2024-11-18T23:03:28","slug":"admissao-de-socios","status":"publish","type":"page","link":"https:\/\/www.ahbvpf.pt\/?page_id=3837","title":{"rendered":"Admiss\u00e3o de S\u00f3cios"},"content":{"rendered":"\n<figure class=\"wp-block-image is-resized\"><img loading=\"lazy\" decoding=\"async\" width=\"2560\" height=\"1707\" src=\"https:\/\/www.ahbvpf.pt\/wp-content\/uploads\/2024\/09\/IMG_3292-1-scaled.jpg\" alt=\"\" class=\"wp-image-5077\" style=\"width:840px;height:auto\" srcset=\"https:\/\/www.ahbvpf.pt\/wp-content\/uploads\/2024\/09\/IMG_3292-1-scaled.jpg 2560w, https:\/\/www.ahbvpf.pt\/wp-content\/uploads\/2024\/09\/IMG_3292-1-300x200.jpg 300w, https:\/\/www.ahbvpf.pt\/wp-content\/uploads\/2024\/09\/IMG_3292-1-1024x683.jpg 1024w, https:\/\/www.ahbvpf.pt\/wp-content\/uploads\/2024\/09\/IMG_3292-1-768x512.jpg 768w, https:\/\/www.ahbvpf.pt\/wp-content\/uploads\/2024\/09\/IMG_3292-1-1536x1024.jpg 1536w, https:\/\/www.ahbvpf.pt\/wp-content\/uploads\/2024\/09\/IMG_3292-1-2048x1365.jpg 2048w\" sizes=\"auto, (max-width: 2560px) 100vw, 2560px\" \/><\/figure>\n\n\n\n<p>&nbsp;<\/p>\n<p>&nbsp;<\/p>\n<p>&nbsp;<\/p>\n\n\n\n<div class=\"wp-block-buttons has-custom-font-size has-large-font-size is-content-justification-left is-layout-flex wp-container-core-buttons-is-layout-1 wp-block-buttons-is-layout-flex\">\n<div class=\"wp-block-button is-style-outline is-style-outline--1\"><a class=\"wp-block-button__link has-text-align-center wp-element-button\" href=\"https:\/\/forms.gle\/yn2b14WqcvChCR6R9\" target=\"_blank\" rel=\"noreferrer noopener\">Preencha o formul\u00e1rio<\/a><\/div>\n<\/div>\n\n\n\n<p>\u00a0<\/p>\n<h2>\u00a0<\/h2>\n<p><strong>Ao preencher o formul\u00e1rio anterior, est\u00e1 a apoiar a nossa miss\u00e3o sem\u00a0de sair de casa.<\/strong><\/p>\n<p><strong>Com o pagamento de uma quota anual de 15\u20ac, vai apoiar os nossos bombeiros nas infraestruturas, nas viaturas, no fardamento e na forma\u00e7\u00e3o.<\/strong><\/p>\n<p><strong>Ap\u00f3s pagamento da refer\u00eancia banc\u00e1ria, ser-lhe-\u00e1 enviado o cart\u00e3o de s\u00f3cio para a morada indicada.<\/strong><\/p>\n<p><strong>Para maiores informa\u00e7\u00f5es, contacte-nos:<\/strong><br \/><strong>Telefone: 255 965 339<\/strong><\/p>\n<p><strong>Email: <a href=\"mailto:geral@ahbvpf.pt\">geral@ahbvpf.pt<\/a><\/strong><\/p>\n","protected":false},"excerpt":{"rendered":"<p>&nbsp; &nbsp; &nbsp; \u00a0 \u00a0 Ao preencher o formul\u00e1rio anterior, est\u00e1 a apoiar a nossa miss\u00e3o sem\u00a0de sair de casa. Com o pagamento de uma quota anual de 15\u20ac, vai [&hellip;]<\/p>\n","protected":false},"author":1,"featured_media":5033,"parent":0,"menu_order":0,"comment_status":"closed","ping_status":"closed","template":"","meta":{"footnotes":""},"class_list":["post-3837","page","type-page","status-publish","has-post-thumbnail","hentry"],"_links":{"self":[{"href":"https:\/\/www.ahbvpf.pt\/index.php?rest_route=\/wp\/v2\/pages\/3837","targetHints":{"allow":["GET"]}}],"collection":[{"href":"https:\/\/www.ahbvpf.pt\/index.php?rest_route=\/wp\/v2\/pages"}],"about":[{"href":"https:\/\/www.ahbvpf.pt\/index.php?rest_route=\/wp\/v2\/types\/page"}],"author":[{"embeddable":true,"href":"https:\/\/www.ahbvpf.pt\/index.php?rest_route=\/wp\/v2\/users\/1"}],"replies":[{"embeddable":true,"href":"https:\/\/www.ahbvpf.pt\/index.php?rest_route=%2Fwp%2Fv2%2Fcomments&post=3837"}],"version-history":[{"count":38,"href":"https:\/\/www.ahbvpf.pt\/index.php?rest_route=\/wp\/v2\/pages\/3837\/revisions"}],"predecessor-version":[{"id":5125,"href":"https:\/\/www.ahbvpf.pt\/index.php?rest_route=\/wp\/v2\/pages\/3837\/revisions\/5125"}],"wp:featuredmedia":[{"embeddable":true,"href":"https:\/\/www.ahbvpf.pt\/index.php?rest_route=\/wp\/v2\/media\/5033"}],"wp:attachment":[{"href":"https:\/\/www.ahbvpf.pt\/index.php?rest_route=%2Fwp%2Fv2%2Fmedia&parent=3837"}],"curies":[{"name":"wp","href":"https:\/\/api.w.org\/{rel}","templated":true}]}}