{"id":3641,"date":"2017-10-09T14:19:27","date_gmt":"2017-10-09T14:19:27","guid":{"rendered":"http:\/\/www.ahbvpf.pt\/?page_id=3641"},"modified":"2017-12-20T11:25:54","modified_gmt":"2017-12-20T11:25:54","slug":"videos-enb","status":"publish","type":"page","link":"https:\/\/www.ahbvpf.pt\/?page_id=3641","title":{"rendered":"V\u00eddeos ENB"},"content":{"rendered":"<p>[vc_row css=&#8221;.vc_custom_1513769154952{margin-bottom: 30px !important;}&#8221;][vc_column][vc_custom_heading source=&#8221;post_title&#8221; font_container=&#8221;tag:h2|text_align:center&#8221; use_theme_fonts=&#8221;yes&#8221;][\/vc_column][\/vc_row][vc_row][vc_column width=&#8221;1\/3&#8243; css=&#8221;.vc_custom_1513768974131{padding: 20px !important;}&#8221;][vc_column_text]<iframe loading=\"lazy\" src=\"https:\/\/www.youtube.com\/embed\/Wb-p2U3lIaI\" width=\"360\" height=\"270\" frameborder=\"0\" allowfullscreen=\"allowfullscreen\"><\/iframe>[\/vc_column_text][vc_column_text]<\/p>\n<h6 style=\"text-align: center;\">Perante uma Chamada para o 112 (Fonte ENB)<\/h6>\n<p>[\/vc_column_text][\/vc_column][vc_column width=&#8221;1\/3&#8243; css=&#8221;.vc_custom_1513768980294{padding: 20px !important;}&#8221;][vc_column_text]<iframe loading=\"lazy\" src=\"https:\/\/www.youtube.com\/embed\/z3yAGMkDltg\" width=\"360\" height=\"270\" frameborder=\"0\" allowfullscreen=\"allowfullscreen\"><\/iframe>[\/vc_column_text][vc_column_text]<\/p>\n<h6 style=\"text-align: center;\">Se Sofrer ou Presenciar um Acidente Rodovi\u00e1rio (Fonte ENB)<\/h6>\n<p>[\/vc_column_text][\/vc_column][vc_column width=&#8221;1\/3&#8243; css=&#8221;.vc_custom_1513768986791{padding: 20px !important;}&#8221;][vc_column_text]<iframe loading=\"lazy\" src=\"https:\/\/www.youtube.com\/embed\/mZlxZjG7URA\" width=\"360\" height=\"270\" frameborder=\"0\" allowfullscreen=\"allowfullscreen\"><\/iframe>[\/vc_column_text][vc_column_text]<\/p>\n<h6 style=\"text-align: center;\">Na Necessidade de Evacuar um Edif\u00edcio (Fonte ENB)<\/h6>\n<p>[\/vc_column_text][\/vc_column][\/vc_row][vc_row][vc_column width=&#8221;1\/3&#8243; css=&#8221;.vc_custom_1513768999433{padding: 20px !important;}&#8221;][vc_column_text]<iframe loading=\"lazy\" src=\"https:\/\/www.youtube.com\/embed\/nXWrqSdxA6A\" width=\"360\" height=\"270\" frameborder=\"0\" allowfullscreen=\"allowfullscreen\"><\/iframe>[\/vc_column_text][vc_column_text]<\/p>\n<h6 style=\"text-align: center;\">Perante um Engasgamento de uma Crian\u00e7a (Fonte ENB)<\/h6>\n<p>[\/vc_column_text][\/vc_column][vc_column width=&#8221;1\/3&#8243; css=&#8221;.vc_custom_1513769004153{padding: 20px !important;}&#8221;][vc_column_text]<iframe loading=\"lazy\" src=\"https:\/\/www.youtube.com\/embed\/N9HvgrvLWvU\" width=\"360\" height=\"270\" frameborder=\"0\" allowfullscreen=\"allowfullscreen\"><\/iframe>[\/vc_column_text][vc_column_text]<\/p>\n<h6 style=\"text-align: center;\">Para Evitar um Inc\u00eandio em Casa (Fonte ENB)<\/h6>\n<p>[\/vc_column_text][\/vc_column][vc_column width=&#8221;1\/3&#8243; css=&#8221;.vc_custom_1513769009489{padding: 20px !important;}&#8221;][vc_column_text]<iframe loading=\"lazy\" src=\"https:\/\/www.youtube.com\/embed\/I2RJERXaR08\" width=\"360\" height=\"270\" frameborder=\"0\" allowfullscreen=\"allowfullscreen\"><\/iframe>[\/vc_column_text][vc_column_text]<\/p>\n<h6 style=\"text-align: center;\">Em Caso de Inc\u00eandio num Ve\u00edculo (Fonte ENB)<\/h6>\n<p>[\/vc_column_text][\/vc_column][\/vc_row][vc_row][vc_column width=&#8221;1\/3&#8243; css=&#8221;.vc_custom_1513769021251{padding: 20px !important;}&#8221;][vc_column_text]<iframe loading=\"lazy\" src=\"https:\/\/www.youtube.com\/embed\/OtzvBH1Bgms\" width=\"360\" height=\"270\" frameborder=\"0\" allowfullscreen=\"allowfullscreen\"><\/iframe>[\/vc_column_text][vc_column_text]<\/p>\n<h6 style=\"text-align: center;\">Perante um Engasgamento (Fonte ENB)<\/h6>\n<p>[\/vc_column_text][\/vc_column][vc_column width=&#8221;1\/3&#8243; css=&#8221;.vc_custom_1513769026483{padding: 20px !important;}&#8221;][vc_column_text]<iframe loading=\"lazy\" src=\"https:\/\/www.youtube.com\/embed\/cpmIM0OXhy8\" width=\"360\" height=\"270\" frameborder=\"0\" allowfullscreen=\"allowfullscreen\"><\/iframe>[\/vc_column_text][vc_column_text]<\/p>\n<h6 style=\"text-align: center;\">Utiliza\u00e7\u00e3o de Extintores (Fonte ENB)<\/h6>\n<p>[\/vc_column_text][\/vc_column][vc_column width=&#8221;1\/3&#8243; css=&#8221;.vc_custom_1513769031861{padding: 20px !important;}&#8221;][vc_column_text]<iframe loading=\"lazy\" src=\"https:\/\/www.youtube.com\/embed\/9QSlkym-0R4\" width=\"360\" height=\"270\" frameborder=\"0\" allowfullscreen=\"allowfullscreen\"><\/iframe>[\/vc_column_text][vc_column_text]<\/p>\n<h6 style=\"text-align: center;\">Perante um Inc\u00eandio na Cozinha (Fonte ENB)<\/h6>\n<p>[\/vc_column_text][\/vc_column][\/vc_row][vc_row][vc_column width=&#8221;1\/3&#8243; css=&#8221;.vc_custom_1513769043127{padding: 20px !important;}&#8221;][vc_column_text]<iframe loading=\"lazy\" src=\"https:\/\/www.youtube.com\/embed\/WA5T0oZOjtA\" width=\"360\" height=\"270\" frameborder=\"0\" allowfullscreen=\"allowfullscreen\"><\/iframe>[\/vc_column_text][vc_column_text]<\/p>\n<h6 style=\"text-align: center;\">Como Agir Perante uma Fuga de G\u00e1s (Fonte ENB)<\/h6>\n<p>[\/vc_column_text][\/vc_column][vc_column width=&#8221;1\/3&#8243; css=&#8221;.vc_custom_1513769048640{padding: 20px !important;}&#8221;][vc_column_text]<iframe loading=\"lazy\" src=\"https:\/\/www.youtube.com\/embed\/g7iFDrrPuh0\" width=\"360\" height=\"270\" frameborder=\"0\" allowfullscreen=\"allowfullscreen\"><\/iframe>[\/vc_column_text][vc_column_text]<\/p>\n<h6 style=\"text-align: center;\">Efectuar Suporte B\u00e1sico de Vida (Fonte ENB)<\/h6>\n<p>[\/vc_column_text][\/vc_column][vc_column width=&#8221;1\/3&#8243; css=&#8221;.vc_custom_1513769054162{padding: 20px !important;}&#8221;][vc_column_text]<iframe loading=\"lazy\" src=\"https:\/\/www.youtube.com\/embed\/hjNK8VoKdsw\" width=\"360\" height=\"270\" frameborder=\"0\" allowfullscreen=\"allowfullscreen\"><\/iframe>[\/vc_column_text][vc_column_text]<\/p>\n<h6 style=\"text-align: center;\">Colocar V\u00edtima em Posi\u00e7\u00e3o Lateral de Seguran\u00e7a (Fonte ENB)<\/h6>\n<p>[\/vc_column_text][\/vc_column][\/vc_row][vc_row][vc_column width=&#8221;1\/3&#8243; css=&#8221;.vc_custom_1513769067114{padding: 20px !important;}&#8221;][vc_column_text]<iframe loading=\"lazy\" src=\"https:\/\/www.youtube.com\/embed\/N9HvgrvLWvU\" width=\"360\" height=\"270\" frameborder=\"0\" allowfullscreen=\"allowfullscreen\"><\/iframe>[\/vc_column_text][vc_column_text]<\/p>\n<h6 style=\"text-align: center;\">Em Caso de Inc\u00eandio numa Habita\u00e7\u00e3o (Fonte ENB)<\/h6>\n<p>[\/vc_column_text][\/vc_column][vc_column width=&#8221;1\/3&#8243; css=&#8221;.vc_custom_1513769075109{padding: 20px !important;}&#8221;][vc_column_text]<iframe loading=\"lazy\" src=\"https:\/\/www.youtube.com\/embed\/OGQ86rZUJL8\" width=\"360\" height=\"270\" frameborder=\"0\" allowfullscreen=\"allowfullscreen\"><\/iframe>[\/vc_column_text][vc_column_text]<\/p>\n<h6 style=\"text-align: center;\">Se Ficar Retido num Elevador Bloqueado (Fonte ENB)<\/h6>\n<p>[\/vc_column_text][\/vc_column][vc_column width=&#8221;1\/3&#8243; css=&#8221;.vc_custom_1513769080340{padding: 20px !important;}&#8221;][vc_column_text]<iframe loading=\"lazy\" src=\"https:\/\/www.youtube.com\/embed\/MTIiW0XdWxg\" width=\"360\" height=\"270\" frameborder=\"0\" allowfullscreen=\"allowfullscreen\"><\/iframe>[\/vc_column_text][vc_column_text]<\/p>\n<h6 style=\"text-align: center;\">Se Presenciar um Desmaio Provocado por Hipoglic\u00e9mia e Hipotens\u00e3o (Fonte ENB)<\/h6>\n<p>[\/vc_column_text][\/vc_column][\/vc_row][vc_row][vc_column width=&#8221;1\/3&#8243; css=&#8221;.vc_custom_1513769085389{padding: 20px !important;}&#8221;][vc_column_text]<iframe loading=\"lazy\" src=\"https:\/\/www.youtube.com\/embed\/uNVH4tpn91A\" width=\"360\" height=\"270\" frameborder=\"0\" allowfullscreen=\"allowfullscreen\"><\/iframe>[\/vc_column_text][vc_column_text]<\/p>\n<h6 style=\"text-align: center;\">Se Tiver de Actuar Perante uma Hemorragia (Fonte ENB)<\/h6>\n<p>[\/vc_column_text][\/vc_column][vc_column width=&#8221;1\/3&#8243;][\/vc_column][vc_column width=&#8221;1\/3&#8243;][\/vc_column][\/vc_row]<\/p>\n","protected":false},"excerpt":{"rendered":"<p>[vc_row css=&#8221;.vc_custom_1513769154952{margin-bottom: 30px !important;}&#8221;][vc_column][vc_custom_heading source=&#8221;post_title&#8221; font_container=&#8221;tag:h2|text_align:center&#8221; use_theme_fonts=&#8221;yes&#8221;][\/vc_column][\/vc_row][vc_row][vc_column width=&#8221;1\/3&#8243; css=&#8221;.vc_custom_1513768974131{padding: 20px !important;}&#8221;][vc_column_text][\/vc_column_text][vc_column_text] Perante uma Chamada para o 112 (Fonte ENB) [\/vc_column_text][\/vc_column][vc_column width=&#8221;1\/3&#8243; css=&#8221;.vc_custom_1513768980294{padding: 20px !important;}&#8221;][vc_column_text][\/vc_column_text][vc_column_text] Se Sofrer ou Presenciar um Acidente [&hellip;]<\/p>\n","protected":false},"author":1,"featured_media":0,"parent":0,"menu_order":0,"comment_status":"closed","ping_status":"closed","template":"","meta":{"footnotes":""},"class_list":["post-3641","page","type-page","status-publish","hentry"],"_links":{"self":[{"href":"https:\/\/www.ahbvpf.pt\/index.php?rest_route=\/wp\/v2\/pages\/3641","targetHints":{"allow":["GET"]}}],"collection":[{"href":"https:\/\/www.ahbvpf.pt\/index.php?rest_route=\/wp\/v2\/pages"}],"about":[{"href":"https:\/\/www.ahbvpf.pt\/index.php?rest_route=\/wp\/v2\/types\/page"}],"author":[{"embeddable":true,"href":"https:\/\/www.ahbvpf.pt\/index.php?rest_route=\/wp\/v2\/users\/1"}],"replies":[{"embeddable":true,"href":"https:\/\/www.ahbvpf.pt\/index.php?rest_route=%2Fwp%2Fv2%2Fcomments&post=3641"}],"version-history":[{"count":25,"href":"https:\/\/www.ahbvpf.pt\/index.php?rest_route=\/wp\/v2\/pages\/3641\/revisions"}],"predecessor-version":[{"id":4333,"href":"https:\/\/www.ahbvpf.pt\/index.php?rest_route=\/wp\/v2\/pages\/3641\/revisions\/4333"}],"wp:attachment":[{"href":"https:\/\/www.ahbvpf.pt\/index.php?rest_route=%2Fwp%2Fv2%2Fmedia&parent=3641"}],"curies":[{"name":"wp","href":"https:\/\/api.w.org\/{rel}","templated":true}]}}