{"id":3598,"date":"2017-10-09T11:22:50","date_gmt":"2017-10-09T11:22:50","guid":{"rendered":"http:\/\/www.ahbvpf.pt\/?page_id=3598"},"modified":"2017-12-20T11:22:05","modified_gmt":"2017-12-20T11:22:05","slug":"folhetos-informativos-para-adultos","status":"publish","type":"page","link":"https:\/\/www.ahbvpf.pt\/?page_id=3598","title":{"rendered":"Folhetos Informativos para Adultos"},"content":{"rendered":"<p>[vc_row inverse=&#8221;&#8221; css=&#8221;.vc_custom_1513763215721{margin-bottom: 30px !important;}&#8221;][vc_column][vc_custom_heading source=&#8221;post_title&#8221; font_container=&#8221;tag:h2|text_align:center&#8221; use_theme_fonts=&#8221;yes&#8221;][\/vc_column][\/vc_row][vc_row][vc_column width=&#8221;1\/3&#8243; css=&#8221;.vc_custom_1513768854010{padding: 20px !important;}&#8221;][vc_single_image image=&#8221;3316&#8243; img_size=&#8221;full&#8221; alignment=&#8221;center&#8221; onclick=&#8221;custom_link&#8221; img_link_target=&#8221;_blank&#8221; link=&#8221;wp-content\/uploads\/2017\/10\/merc-perigosa.pdf&#8221;][vc_column_text]<\/p>\n<h6 style=\"text-align: center;\"><a href=\"wp-content\/uploads\/2017\/10\/merc-perigosa.pdf\" target=\"_blank\" rel=\"noopener\">Acidentes Mat\u00e9rias Perigosas &#8211; Como Atuar<\/a><\/h6>\n<p>[\/vc_column_text][\/vc_column][vc_column width=&#8221;1\/3&#8243; css=&#8221;.vc_custom_1513768858910{padding: 20px !important;}&#8221;][vc_single_image image=&#8221;3316&#8243; img_size=&#8221;full&#8221; alignment=&#8221;center&#8221; onclick=&#8221;custom_link&#8221; img_link_target=&#8221;_blank&#8221; link=&#8221;wp-content\/uploads\/2017\/10\/Acidentes-Rodovi\u00e1rios-Gestos-que-Salvam.pdf&#8221;][vc_column_text]<\/p>\n<h6 style=\"text-align: center;\"><a href=\"wp-content\/uploads\/2017\/10\/Acidentes-Rodovi\u00e1rios-Gestos-que-Salvam.pdf\" target=\"_blank\" rel=\"noopener\">Acidentes Rodovi\u00e1rios \u2013 Gestos que Salvam<\/a><\/h6>\n<p>[\/vc_column_text][\/vc_column][vc_column width=&#8221;1\/3&#8243; css=&#8221;.vc_custom_1513768865637{padding: 20px !important;}&#8221;][vc_single_image image=&#8221;3316&#8243; img_size=&#8221;full&#8221; alignment=&#8221;center&#8221; onclick=&#8221;custom_link&#8221; img_link_target=&#8221;_blank&#8221; link=&#8221;wp-content\/uploads\/2017\/10\/merc-perigosa.pdf&#8221;][vc_column_text]<\/p>\n<h6 style=\"text-align: center;\"><a href=\"wp-content\/uploads\/2017\/10\/Frio-Intenso-Autoprotec\u00e7\u00e3o.pdf\" target=\"_blank\" rel=\"noopener\">Frio Intenso \u2013 Autoprotec\u00e7\u00e3o<\/a><\/h6>\n<p>[\/vc_column_text][\/vc_column][\/vc_row][vc_row][vc_column width=&#8221;1\/3&#8243; css=&#8221;.vc_custom_1513768876383{padding: 20px !important;}&#8221;][vc_single_image image=&#8221;3316&#8243; img_size=&#8221;full&#8221; alignment=&#8221;center&#8221; onclick=&#8221;custom_link&#8221; img_link_target=&#8221;_blank&#8221; link=&#8221;wp-content\/uploads\/2017\/10\/G\u00e1s-Evite-Acidentes-em-Casa.pdf&#8221;][vc_column_text]<\/p>\n<h6 style=\"text-align: center;\"><a href=\"wp-content\/uploads\/2017\/10\/G\u00e1s-Evite-Acidentes-em-Casa.pdf\" target=\"_blank\" rel=\"noopener\">G\u00e1s \u2013 Evite Acidentes em Casa<\/a><\/h6>\n<p>[\/vc_column_text][\/vc_column][vc_column width=&#8221;1\/3&#8243; css=&#8221;.vc_custom_1513768882030{padding: 20px !important;}&#8221;][vc_single_image image=&#8221;3316&#8243; img_size=&#8221;full&#8221; alignment=&#8221;center&#8221; onclick=&#8221;custom_link&#8221; img_link_target=&#8221;_blank&#8221; link=&#8221;wp-content\/uploads\/2017\/10\/Inc\u00eandios-em-Casa-Preven\u00e7\u00e3o-e-Autoprotec\u00e7\u00e3o.pdf&#8221;][vc_column_text]<\/p>\n<h6 style=\"text-align: center;\"><a href=\"wp-content\/uploads\/2017\/10\/Inc\u00eandios-em-Casa-Preven\u00e7\u00e3o-e-Autoprotec\u00e7\u00e3o.pdf\" target=\"_blank\" rel=\"noopener\">Inc\u00eandios em Casa \u2013 Preven\u00e7\u00e3o e Autoprote\u00e7\u00e3o<\/a><\/h6>\n<p>[\/vc_column_text][\/vc_column][vc_column width=&#8221;1\/3&#8243; css=&#8221;.vc_custom_1513768887176{padding: 20px !important;}&#8221;][vc_single_image image=&#8221;3316&#8243; img_size=&#8221;full&#8221; alignment=&#8221;center&#8221; onclick=&#8221;custom_link&#8221; img_link_target=&#8221;_blank&#8221; link=&#8221;wp-content\/uploads\/2017\/10\/Inc\u00eandios-Florestais-Autoprotec\u00e7\u00e3o.pdf&#8221;][vc_column_text]<\/p>\n<h6 style=\"text-align: center;\"><a href=\"wp-content\/uploads\/2017\/10\/Inc\u00eandios-Florestais-Autoprotec\u00e7\u00e3o.pdf\" target=\"_blank\" rel=\"noopener\">Inc\u00eandios Florestais \u2013 Autoprote\u00e7\u00e3o<\/a><\/h6>\n<p>[\/vc_column_text][\/vc_column][\/vc_row][vc_row][vc_column width=&#8221;1\/3&#8243; css=&#8221;.vc_custom_1513768894680{padding: 20px !important;}&#8221;][vc_single_image image=&#8221;3316&#8243; img_size=&#8221;full&#8221; alignment=&#8221;center&#8221; onclick=&#8221;custom_link&#8221; img_link_target=&#8221;_blank&#8221; link=&#8221;wp-content\/uploads\/2017\/10\/Ondas-de-Calor-Autoprotec\u00e7\u00e3o.pdf&#8221;][vc_column_text]<\/p>\n<h6 style=\"text-align: center;\"><a href=\"wp-content\/uploads\/2017\/10\/Ondas-de-Calor-Autoprotec\u00e7\u00e3o.pdf\" target=\"_blank\" rel=\"noopener\">Ondas de Calor \u2013 Autoprote\u00e7\u00e3o<\/a><\/h6>\n<p>[\/vc_column_text][\/vc_column][vc_column width=&#8221;1\/3&#8243; css=&#8221;.vc_custom_1513768900442{padding: 20px !important;}&#8221;][vc_single_image image=&#8221;3316&#8243; img_size=&#8221;full&#8221; alignment=&#8221;center&#8221; onclick=&#8221;custom_link&#8221; img_link_target=&#8221;_blank&#8221; link=&#8221;wp-content\/uploads\/2017\/10\/seca.pdf&#8221;][vc_column_text]<\/p>\n<h6 style=\"text-align: center;\"><a href=\"wp-content\/uploads\/2017\/10\/seca.pdf\" target=\"_blank\" rel=\"noopener\">Seca \u2013 Vamos Poupar \u00c1gua?<\/a><\/h6>\n<p>[\/vc_column_text][\/vc_column][vc_column width=&#8221;1\/3&#8243; css=&#8221;.vc_custom_1513768905827{padding: 20px !important;}&#8221;][vc_single_image image=&#8221;3316&#8243; img_size=&#8221;full&#8221; alignment=&#8221;center&#8221; onclick=&#8221;custom_link&#8221; img_link_target=&#8221;_blank&#8221; link=&#8221;wp-content\/uploads\/2017\/10\/Seguran\u00e7a-em-Espa\u00e7os-P\u00fablicos.pdf&#8221;][vc_column_text]<\/p>\n<h6 style=\"text-align: center;\"><a href=\"wp-content\/uploads\/2017\/10\/Seguran\u00e7a-em-Espa\u00e7os-P\u00fablicos.pdf\" target=\"_blank\" rel=\"noopener\">Seguran\u00e7a em Espa\u00e7os P\u00fablicos<\/a><\/h6>\n<p>[\/vc_column_text][\/vc_column][\/vc_row][vc_row][vc_column width=&#8221;1\/3&#8243; css=&#8221;.vc_custom_1513768915132{padding: 20px !important;}&#8221;][vc_single_image image=&#8221;3316&#8243; img_size=&#8221;full&#8221; alignment=&#8221;center&#8221; onclick=&#8221;custom_link&#8221; img_link_target=&#8221;_blank&#8221; link=&#8221;wp-content\/uploads\/2017\/10\/Seguran\u00e7a-no-Local-de-Trabalho.pdf&#8221;][vc_column_text]<\/p>\n<h6 style=\"text-align: center;\"><a href=\"wp-content\/uploads\/2017\/10\/Seguran\u00e7a-no-Local-de-Trabalho.pdf\" target=\"_blank\" rel=\"noopener\">Seguran\u00e7a no Local de Trabalho<\/a><\/h6>\n<p>[\/vc_column_text][\/vc_column][vc_column width=&#8221;1\/3&#8243; css=&#8221;.vc_custom_1513768921732{padding: 20px !important;}&#8221;][vc_single_image image=&#8221;3316&#8243; img_size=&#8221;full&#8221; alignment=&#8221;center&#8221; onclick=&#8221;custom_link&#8221; img_link_target=&#8221;_blank&#8221; link=&#8221;wp-content\/uploads\/2017\/10\/Sismos-Autoprotec\u00e7\u00e3o.pdf&#8221;][vc_column_text]<\/p>\n<h6 style=\"text-align: center;\"><a href=\"wp-content\/uploads\/2017\/10\/Sismos-Autoprotec\u00e7\u00e3o.pdf\" target=\"_blank\" rel=\"noopener\">Sismos \u2013 Autoprotec\u00e7\u00e3o<\/a><\/h6>\n<p>[\/vc_column_text][\/vc_column][\/vc_row]<\/p>\n","protected":false},"excerpt":{"rendered":"<p>[vc_row inverse=&#8221;&#8221; css=&#8221;.vc_custom_1513763215721{margin-bottom: 30px !important;}&#8221;][vc_column][vc_custom_heading source=&#8221;post_title&#8221; font_container=&#8221;tag:h2|text_align:center&#8221; use_theme_fonts=&#8221;yes&#8221;][\/vc_column][\/vc_row][vc_row][vc_column width=&#8221;1\/3&#8243; css=&#8221;.vc_custom_1513768854010{padding: 20px !important;}&#8221;][vc_single_image image=&#8221;3316&#8243; img_size=&#8221;full&#8221; alignment=&#8221;center&#8221; onclick=&#8221;custom_link&#8221; img_link_target=&#8221;_blank&#8221; link=&#8221;wp-content\/uploads\/2017\/10\/merc-perigosa.pdf&#8221;][vc_column_text] Acidentes Mat\u00e9rias Perigosas &#8211; Como Atuar [\/vc_column_text][\/vc_column][vc_column width=&#8221;1\/3&#8243; css=&#8221;.vc_custom_1513768858910{padding: 20px !important;}&#8221;][vc_single_image image=&#8221;3316&#8243; [&hellip;]<\/p>\n","protected":false},"author":1,"featured_media":0,"parent":0,"menu_order":0,"comment_status":"closed","ping_status":"closed","template":"","meta":{"footnotes":""},"class_list":["post-3598","page","type-page","status-publish","hentry"],"_links":{"self":[{"href":"https:\/\/www.ahbvpf.pt\/index.php?rest_route=\/wp\/v2\/pages\/3598","targetHints":{"allow":["GET"]}}],"collection":[{"href":"https:\/\/www.ahbvpf.pt\/index.php?rest_route=\/wp\/v2\/pages"}],"about":[{"href":"https:\/\/www.ahbvpf.pt\/index.php?rest_route=\/wp\/v2\/types\/page"}],"author":[{"embeddable":true,"href":"https:\/\/www.ahbvpf.pt\/index.php?rest_route=\/wp\/v2\/users\/1"}],"replies":[{"embeddable":true,"href":"https:\/\/www.ahbvpf.pt\/index.php?rest_route=%2Fwp%2Fv2%2Fcomments&post=3598"}],"version-history":[{"count":20,"href":"https:\/\/www.ahbvpf.pt\/index.php?rest_route=\/wp\/v2\/pages\/3598\/revisions"}],"predecessor-version":[{"id":4331,"href":"https:\/\/www.ahbvpf.pt\/index.php?rest_route=\/wp\/v2\/pages\/3598\/revisions\/4331"}],"wp:attachment":[{"href":"https:\/\/www.ahbvpf.pt\/index.php?rest_route=%2Fwp%2Fv2%2Fmedia&parent=3598"}],"curies":[{"name":"wp","href":"https:\/\/api.w.org\/{rel}","templated":true}]}}