{"id":3145,"date":"2017-10-03T09:51:37","date_gmt":"2017-10-03T09:51:37","guid":{"rendered":"http:\/\/www.ahbvpf.pt\/?page_id=3145"},"modified":"2017-10-03T16:59:51","modified_gmt":"2017-10-03T16:59:51","slug":"2004-reconstrucao-ambulancia-buick","status":"publish","type":"page","link":"https:\/\/www.ahbvpf.pt\/?page_id=3145","title":{"rendered":"2004 &#8211; Reconstru\u00e7\u00e3o Ambul\u00e2ncia Buick"},"content":{"rendered":"<p>[vc_row][vc_column][vc_column_text]<\/p>\n<div class=\"title title-section\">\n<h3 style=\"text-align: center;\">2004 &#8211; Reconstru\u00e7\u00e3o Ambul\u00e2ncia Buick<\/h3>\n<p>&nbsp;<\/p>\n<\/div>\n<div id=\"page-content\"><\/div>\n<p>[\/vc_column_text]<\/p>\n<p>&nbsp;<\/p>\n<p>[vc_media_grid gap=&#8221;20&#8243; grid_id=&#8221;vc_gid:1507024206834-944b162d-c240-2&#8243; include=&#8221;3146,3147,3148,3149,3150,3151,3152,3153,3154,3155,3156&#8243;][\/vc_column][\/vc_row]<\/p>\n","protected":false},"excerpt":{"rendered":"<p>[vc_row][vc_column][vc_column_text] 2004 &#8211; Reconstru\u00e7\u00e3o Ambul\u00e2ncia Buick &nbsp; [\/vc_column_text] &nbsp; [vc_media_grid gap=&#8221;20&#8243; grid_id=&#8221;vc_gid:1507024206834-944b162d-c240-2&#8243; include=&#8221;3146,3147,3148,3149,3150,3151,3152,3153,3154,3155,3156&#8243;][\/vc_column][\/vc_row]<\/p>\n","protected":false},"author":1,"featured_media":0,"parent":0,"menu_order":0,"comment_status":"closed","ping_status":"closed","template":"","meta":{"footnotes":""},"class_list":["post-3145","page","type-page","status-publish","hentry"],"_links":{"self":[{"href":"https:\/\/www.ahbvpf.pt\/index.php?rest_route=\/wp\/v2\/pages\/3145","targetHints":{"allow":["GET"]}}],"collection":[{"href":"https:\/\/www.ahbvpf.pt\/index.php?rest_route=\/wp\/v2\/pages"}],"about":[{"href":"https:\/\/www.ahbvpf.pt\/index.php?rest_route=\/wp\/v2\/types\/page"}],"author":[{"embeddable":true,"href":"https:\/\/www.ahbvpf.pt\/index.php?rest_route=\/wp\/v2\/users\/1"}],"replies":[{"embeddable":true,"href":"https:\/\/www.ahbvpf.pt\/index.php?rest_route=%2Fwp%2Fv2%2Fcomments&post=3145"}],"version-history":[{"count":2,"href":"https:\/\/www.ahbvpf.pt\/index.php?rest_route=\/wp\/v2\/pages\/3145\/revisions"}],"predecessor-version":[{"id":5195,"href":"https:\/\/www.ahbvpf.pt\/index.php?rest_route=\/wp\/v2\/pages\/3145\/revisions\/5195"}],"wp:attachment":[{"href":"https:\/\/www.ahbvpf.pt\/index.php?rest_route=%2Fwp%2Fv2%2Fmedia&parent=3145"}],"curies":[{"name":"wp","href":"https:\/\/api.w.org\/{rel}","templated":true}]}}