{"id":3083,"date":"2017-10-03T09:25:53","date_gmt":"2017-10-03T09:25:53","guid":{"rendered":"http:\/\/www.ahbvpf.pt\/?page_id=3083"},"modified":"2017-10-03T09:25:53","modified_gmt":"2017-10-03T09:25:53","slug":"comunicacao-e-relacoes-interpessoais","status":"publish","type":"page","link":"https:\/\/www.ahbvpf.pt\/?page_id=3083","title":{"rendered":"Comunica\u00e7\u00e3o e Rela\u00e7\u00f5es Interpessoais"},"content":{"rendered":"<p>[vc_row][vc_column][vc_column_text]<\/p>\n<div class=\"title title-section\">\n<h3 style=\"text-align: center;\">Comunica\u00e7\u00e3o e Rela\u00e7\u00f5es Interpessoais<\/h3>\n<p>&nbsp;<\/p>\n<\/div>\n<div id=\"page-content\"><\/div>\n<p>[\/vc_column_text][vc_media_grid element_width=&#8221;6&#8243; gap=&#8221;20&#8243; grid_id=&#8221;vc_gid:1507022672712-1fd6ddf7-b528-6&#8243; include=&#8221;3084,3085&#8243;][\/vc_column][\/vc_row]<\/p>\n","protected":false},"excerpt":{"rendered":"<p>[vc_row][vc_column][vc_column_text] Comunica\u00e7\u00e3o e Rela\u00e7\u00f5es Interpessoais &nbsp; [\/vc_column_text][vc_media_grid element_width=&#8221;6&#8243; gap=&#8221;20&#8243; grid_id=&#8221;vc_gid:1507022672712-1fd6ddf7-b528-6&#8243; include=&#8221;3084,3085&#8243;][\/vc_column][\/vc_row]<\/p>\n","protected":false},"author":1,"featured_media":0,"parent":0,"menu_order":0,"comment_status":"closed","ping_status":"closed","template":"","meta":{"footnotes":""},"class_list":["post-3083","page","type-page","status-publish","hentry"],"_links":{"self":[{"href":"https:\/\/www.ahbvpf.pt\/index.php?rest_route=\/wp\/v2\/pages\/3083","targetHints":{"allow":["GET"]}}],"collection":[{"href":"https:\/\/www.ahbvpf.pt\/index.php?rest_route=\/wp\/v2\/pages"}],"about":[{"href":"https:\/\/www.ahbvpf.pt\/index.php?rest_route=\/wp\/v2\/types\/page"}],"author":[{"embeddable":true,"href":"https:\/\/www.ahbvpf.pt\/index.php?rest_route=\/wp\/v2\/users\/1"}],"replies":[{"embeddable":true,"href":"https:\/\/www.ahbvpf.pt\/index.php?rest_route=%2Fwp%2Fv2%2Fcomments&post=3083"}],"version-history":[{"count":1,"href":"https:\/\/www.ahbvpf.pt\/index.php?rest_route=\/wp\/v2\/pages\/3083\/revisions"}],"predecessor-version":[{"id":3086,"href":"https:\/\/www.ahbvpf.pt\/index.php?rest_route=\/wp\/v2\/pages\/3083\/revisions\/3086"}],"wp:attachment":[{"href":"https:\/\/www.ahbvpf.pt\/index.php?rest_route=%2Fwp%2Fv2%2Fmedia&parent=3083"}],"curies":[{"name":"wp","href":"https:\/\/api.w.org\/{rel}","templated":true}]}}