{"id":3008,"date":"2017-10-03T09:02:55","date_gmt":"2017-10-03T09:02:55","guid":{"rendered":"http:\/\/www.ahbvpf.pt\/?page_id=3008"},"modified":"2017-10-03T09:04:29","modified_gmt":"2017-10-03T09:04:29","slug":"dia-municipal-do-bombeiro-2017","status":"publish","type":"page","link":"https:\/\/www.ahbvpf.pt\/?page_id=3008","title":{"rendered":"Dia Municipal do Bombeiro 2017"},"content":{"rendered":"<p>[vc_row][vc_column][vc_column_text]<\/p>\n<h3 style=\"text-align: center;\">Dia Municipal do Bombeiro 2017<\/h3>\n<h4 style=\"text-align: center;\"><span style=\"color: #000000;\">Sess\u00e3o Solene<\/span><\/h4>\n<div class=\"text\" style=\"text-align: center;\">\n<p>Cerim\u00f3nia presidida pelo Secret\u00e1rio de Estado da Administra\u00e7\u00e3o Interna, Jorge Gomes.<br \/>\nRece\u00e7\u00e3o de v\u00e1rias entidades<br \/>\nEntrega de Condecora\u00e7\u00f5es<br \/>\nDesfile apeado e monitorizado<\/p>\n<\/div>\n<h4 style=\"text-align: center;\"><span style=\"color: #000000;\">Atividades Comemorativas<\/span><\/h4>\n<div class=\"text\">\n<p style=\"text-align: center;\">Amostra de equipamentos de 1\u00aa interven\u00e7\u00e3o<br \/>\nSimulacro de Desencarceramento<\/p>\n<\/div>\n<p>[\/vc_column_text]<\/p>\n<p>&nbsp;<\/p>\n<p>[vc_media_grid element_width=&#8221;3&#8243; gap=&#8221;20&#8243; grid_id=&#8221;vc_gid:1507021272908-54020f1a-6810-7&#8243; include=&#8221;3009,3010,3011,3012,3013,3014,3015,3016,3017,3018,3019,3020,3021,3022,3023,3024,3025,3026,3027,3028,3029,3030,3031,3032,3033,3034&#8243;][\/vc_column][\/vc_row]<\/p>\n","protected":false},"excerpt":{"rendered":"<p>[vc_row][vc_column][vc_column_text] Dia Municipal do Bombeiro 2017 Sess\u00e3o Solene Cerim\u00f3nia presidida pelo Secret\u00e1rio de Estado da Administra\u00e7\u00e3o Interna, Jorge Gomes. Rece\u00e7\u00e3o de v\u00e1rias entidades Entrega de Condecora\u00e7\u00f5es Desfile apeado e monitorizado [&hellip;]<\/p>\n","protected":false},"author":1,"featured_media":0,"parent":0,"menu_order":0,"comment_status":"closed","ping_status":"closed","template":"","meta":{"footnotes":""},"class_list":["post-3008","page","type-page","status-publish","hentry"],"_links":{"self":[{"href":"https:\/\/www.ahbvpf.pt\/index.php?rest_route=\/wp\/v2\/pages\/3008","targetHints":{"allow":["GET"]}}],"collection":[{"href":"https:\/\/www.ahbvpf.pt\/index.php?rest_route=\/wp\/v2\/pages"}],"about":[{"href":"https:\/\/www.ahbvpf.pt\/index.php?rest_route=\/wp\/v2\/types\/page"}],"author":[{"embeddable":true,"href":"https:\/\/www.ahbvpf.pt\/index.php?rest_route=\/wp\/v2\/users\/1"}],"replies":[{"embeddable":true,"href":"https:\/\/www.ahbvpf.pt\/index.php?rest_route=%2Fwp%2Fv2%2Fcomments&post=3008"}],"version-history":[{"count":4,"href":"https:\/\/www.ahbvpf.pt\/index.php?rest_route=\/wp\/v2\/pages\/3008\/revisions"}],"predecessor-version":[{"id":3038,"href":"https:\/\/www.ahbvpf.pt\/index.php?rest_route=\/wp\/v2\/pages\/3008\/revisions\/3038"}],"wp:attachment":[{"href":"https:\/\/www.ahbvpf.pt\/index.php?rest_route=%2Fwp%2Fv2%2Fmedia&parent=3008"}],"curies":[{"name":"wp","href":"https:\/\/api.w.org\/{rel}","templated":true}]}}