{"id":2929,"date":"2017-10-02T15:50:38","date_gmt":"2017-10-02T15:50:38","guid":{"rendered":"http:\/\/www.ahbvpf.pt\/?page_id=2929"},"modified":"2021-03-28T12:10:39","modified_gmt":"2021-03-28T11:10:39","slug":"comandantes","status":"publish","type":"page","link":"https:\/\/www.ahbvpf.pt\/?page_id=2929","title":{"rendered":"Comandantes"},"content":{"rendered":"<p>[vc_row css=&#8221;.vc_custom_1513696987901{margin-bottom: 20px !important;}&#8221;][vc_column][vc_custom_heading source=&#8221;post_title&#8221; font_container=&#8221;tag:h2|text_align:center&#8221; use_theme_fonts=&#8221;yes&#8221;][\/vc_column][\/vc_row][vc_row][vc_column width=&#8221;1\/3&#8243; css=&#8221;.vc_custom_1513769466879{padding: 20px !important;}&#8221;][vc_single_image image=&#8221;2930&#8243; img_size=&#8221;full&#8221;][vc_column_text]<\/p>\n<h4 style=\"text-align: center;\">Antero Maria Carneiro Chaves<\/h4>\n<p style=\"text-align: center;\">1932 a 1969<\/p>\n<p>[\/vc_column_text][\/vc_column][vc_column width=&#8221;1\/3&#8243; css=&#8221;.vc_custom_1513769472959{padding: 20px !important;}&#8221;][vc_single_image image=&#8221;2937&#8243; img_size=&#8221;full&#8221;][vc_column_text]<\/p>\n<h4 style=\"text-align: center;\">Vitorino Moreira de Matos<\/h4>\n<p style=\"text-align: center;\">1969 a 1971<\/p>\n<p>[\/vc_column_text][\/vc_column][vc_column width=&#8221;1\/3&#8243; css=&#8221;.vc_custom_1513769479664{padding: 20px !important;}&#8221;][vc_single_image image=&#8221;2933&#8243; img_size=&#8221;full&#8221;][vc_column_text]<\/p>\n<h4 style=\"text-align: center;\">Francisco Pereira Lino<\/h4>\n<p style=\"text-align: center;\">1979 a 1990<\/p>\n<p>[\/vc_column_text][\/vc_column][\/vc_row][vc_row][vc_column width=&#8221;1\/3&#8243; css=&#8221;.vc_custom_1513769486714{padding: 20px !important;}&#8221;][vc_single_image image=&#8221;2936&#8243; img_size=&#8221;full&#8221;][vc_column_text]<\/p>\n<h4 style=\"text-align: center;\">Manuel Nunes Teixeira da Silva<\/h4>\n<p style=\"text-align: center;\">1991 a 1992<\/p>\n<p>[\/vc_column_text][\/vc_column][vc_column width=&#8221;1\/3&#8243; css=&#8221;.vc_custom_1513769492626{padding: 20px !important;}&#8221;][vc_single_image image=&#8221;2932&#8243; img_size=&#8221;full&#8221;][vc_column_text]<\/p>\n<h4 style=\"text-align: center;\">Carla Armando Machado Le\u00e3o<\/h4>\n<p style=\"text-align: center;\">1993 a 2001<\/p>\n<p>[\/vc_column_text][\/vc_column][vc_column width=&#8221;1\/3&#8243; css=&#8221;.vc_custom_1513769501092{padding: 20px !important;}&#8221;][vc_single_image image=&#8221;2935&#8243; img_size=&#8221;full&#8221;][vc_column_text]<\/p>\n<h4 style=\"text-align: center;\">Jos\u00e9 Ant\u00f3nio Gon\u00e7alves Coelho<\/h4>\n<p style=\"text-align: center;\">2001 a 2003<\/p>\n<p>[\/vc_column_text][\/vc_column][\/vc_row][vc_row][vc_column width=&#8221;1\/3&#8243; css=&#8221;.vc_custom_1513769506188{padding: 20px !important;}&#8221;][vc_single_image image=&#8221;2934&#8243; img_size=&#8221;full&#8221;][vc_column_text]<\/p>\n<h4 style=\"text-align: center;\">Jorge Humberto Carneiro Rodrigues<\/h4>\n<p style=\"text-align: center;\">2003 a 2009<\/p>\n<p>[\/vc_column_text][\/vc_column][vc_column width=&#8221;1\/3&#8243; css=&#8221;.vc_custom_1513769511133{padding: 20px !important;}&#8221;][vc_single_image image=&#8221;2931&#8243; img_size=&#8221;full&#8221;][vc_column_text]<\/p>\n<h4 style=\"text-align: center;\">Ant\u00f3nio dos Santos Pereira da Costa<\/h4>\n<p style=\"text-align: center;\">2011 a 2020<\/p>\n<p>[\/vc_column_text][\/vc_column][\/vc_row]<\/p>\n","protected":false},"excerpt":{"rendered":"<p>[vc_row css=&#8221;.vc_custom_1513696987901{margin-bottom: 20px !important;}&#8221;][vc_column][vc_custom_heading source=&#8221;post_title&#8221; font_container=&#8221;tag:h2|text_align:center&#8221; use_theme_fonts=&#8221;yes&#8221;][\/vc_column][\/vc_row][vc_row][vc_column width=&#8221;1\/3&#8243; css=&#8221;.vc_custom_1513769466879{padding: 20px !important;}&#8221;][vc_single_image image=&#8221;2930&#8243; img_size=&#8221;full&#8221;][vc_column_text] Antero Maria Carneiro Chaves 1932 a 1969 [\/vc_column_text][\/vc_column][vc_column width=&#8221;1\/3&#8243; css=&#8221;.vc_custom_1513769472959{padding: 20px !important;}&#8221;][vc_single_image image=&#8221;2937&#8243; img_size=&#8221;full&#8221;][vc_column_text] Vitorino Moreira de [&hellip;]<\/p>\n","protected":false},"author":1,"featured_media":0,"parent":0,"menu_order":0,"comment_status":"closed","ping_status":"closed","template":"","meta":{"footnotes":""},"class_list":["post-2929","page","type-page","status-publish","hentry"],"_links":{"self":[{"href":"https:\/\/www.ahbvpf.pt\/index.php?rest_route=\/wp\/v2\/pages\/2929","targetHints":{"allow":["GET"]}}],"collection":[{"href":"https:\/\/www.ahbvpf.pt\/index.php?rest_route=\/wp\/v2\/pages"}],"about":[{"href":"https:\/\/www.ahbvpf.pt\/index.php?rest_route=\/wp\/v2\/types\/page"}],"author":[{"embeddable":true,"href":"https:\/\/www.ahbvpf.pt\/index.php?rest_route=\/wp\/v2\/users\/1"}],"replies":[{"embeddable":true,"href":"https:\/\/www.ahbvpf.pt\/index.php?rest_route=%2Fwp%2Fv2%2Fcomments&post=2929"}],"version-history":[{"count":14,"href":"https:\/\/www.ahbvpf.pt\/index.php?rest_route=\/wp\/v2\/pages\/2929\/revisions"}],"predecessor-version":[{"id":4910,"href":"https:\/\/www.ahbvpf.pt\/index.php?rest_route=\/wp\/v2\/pages\/2929\/revisions\/4910"}],"wp:attachment":[{"href":"https:\/\/www.ahbvpf.pt\/index.php?rest_route=%2Fwp%2Fv2%2Fmedia&parent=2929"}],"curies":[{"name":"wp","href":"https:\/\/api.w.org\/{rel}","templated":true}]}}