{"id":2728,"date":"2017-10-02T09:12:32","date_gmt":"2017-10-02T09:12:32","guid":{"rendered":"http:\/\/www.ahbvpf.pt\/?page_id=2728"},"modified":"2018-07-03T15:34:51","modified_gmt":"2018-07-03T14:34:51","slug":"aniversario-2017","status":"publish","type":"page","link":"https:\/\/www.ahbvpf.pt\/?page_id=2728","title":{"rendered":"Anivers\u00e1rio 2017"},"content":{"rendered":"<p>[vc_row][vc_column][vc_column_text]<\/p>\n<h3 style=\"text-align: center;\">86\u00ba Anivers\u00e1rio AHBV Pa\u00e7os de Ferreira<\/h3>\n<p>[\/vc_column_text][vc_column_text]<\/p>\n<p>&nbsp;<\/p>\n<p style=\"text-align: justify;\">De parab\u00e9ns no dia 29 de Junho, foi no dia 1 de Julho que tiveram lugar as comemora\u00e7\u00f5es do 86\u00ba anivers\u00e1rio da corpora\u00e7\u00e3o. Com in\u00edcio \u00e0s 9h com o hastear de bandeiras e t\u00e9rmino pelas 18h com lanche\/conv\u00edvio, foram muitos os momentos que acabaram por marcar este dia.<\/p>\n<p style=\"text-align: justify;\">Durante a tarde e ap\u00f3s habitual romagem ao cemit\u00e9rio para entrega de coroa de flores e celebra\u00e7\u00e3o de eucaristia em mem\u00f3ria dos que j\u00e1 partiram, seguiu-se a cerim\u00f3nia de comemora\u00e7\u00e3o. No decorrer desta, n\u00e3o podemos deixar de referir a ben\u00e7\u00e3o da nova Viatura de Socorro e Assist\u00eancia T\u00e1ctico (VSAT) pelo Sr. Padre H\u00e9lder, a entrega pela Comiss\u00e3o de Festas do Corpo de Deus 2017 de um desfibrilhador autom\u00e1tico externo e 70 polos e cal\u00e7as no valor total de 4 500\u20ac e a promessa pela C\u00e2mara Municipal de Pa\u00e7os de Ferreira da oferta de um drone como ferramenta importante na preven\u00e7\u00e3o de fogos florestais. Referimos, tamb\u00e9m, a oferenda de v\u00e1rias lembran\u00e7as pela Junta de Freguesia de Pa\u00e7os de Ferreira, pela C\u00e2mara Municipal de Pa\u00e7os de Ferreira e pela corpora\u00e7\u00e3o geminada de Dafundo, assim como a homenagem feita a Ant\u00f3nio Martins por todo o apoio e dedica\u00e7\u00e3o \u00e0 Fanfarra.<\/p>\n<p style=\"text-align: justify;\">Por fim, como habitual, foi realizado o desfile apeado e motorizado, seguido de um lanche com o t\u00e9rmino da nossa 86\u00aa comemora\u00e7\u00e3o.<\/p>\n<p style=\"text-align: justify;\">\n<p>[\/vc_column_text][\/vc_column][\/vc_row][vc_row][vc_column][vc_media_grid element_width=&#8221;3&#8243; gap=&#8221;20&#8243; grid_id=&#8221;vc_gid:1507020888463-984981b4-6ab6-1&#8243; include=&#8221;2729,2730,2731,2732,2733,2734,2735,2736,2737,2738,2739,2740,2741,2742,2743,2744,2745,2746,2747,2748,2749,2750,2751,2752,2753,2754,2755,2756,2757,2758,2759,2760,2761,2762,2763,2764,2765,2766,2767,2768,2769,2770,2771,2772,2773,2774,2775,2776,2777&#8243;][vc_column_text][\/vc_column_text][\/vc_column][\/vc_row]<\/p>\n","protected":false},"excerpt":{"rendered":"<p>[vc_row][vc_column][vc_column_text] 86\u00ba Anivers\u00e1rio AHBV Pa\u00e7os de Ferreira [\/vc_column_text][vc_column_text] &nbsp; De parab\u00e9ns no dia 29 de Junho, foi no dia 1 de Julho que tiveram lugar as comemora\u00e7\u00f5es do 86\u00ba anivers\u00e1rio [&hellip;]<\/p>\n","protected":false},"author":1,"featured_media":0,"parent":0,"menu_order":0,"comment_status":"closed","ping_status":"closed","template":"","meta":{"footnotes":""},"class_list":["post-2728","page","type-page","status-publish","hentry"],"_links":{"self":[{"href":"https:\/\/www.ahbvpf.pt\/index.php?rest_route=\/wp\/v2\/pages\/2728","targetHints":{"allow":["GET"]}}],"collection":[{"href":"https:\/\/www.ahbvpf.pt\/index.php?rest_route=\/wp\/v2\/pages"}],"about":[{"href":"https:\/\/www.ahbvpf.pt\/index.php?rest_route=\/wp\/v2\/types\/page"}],"author":[{"embeddable":true,"href":"https:\/\/www.ahbvpf.pt\/index.php?rest_route=\/wp\/v2\/users\/1"}],"replies":[{"embeddable":true,"href":"https:\/\/www.ahbvpf.pt\/index.php?rest_route=%2Fwp%2Fv2%2Fcomments&post=2728"}],"version-history":[{"count":22,"href":"https:\/\/www.ahbvpf.pt\/index.php?rest_route=\/wp\/v2\/pages\/2728\/revisions"}],"predecessor-version":[{"id":4580,"href":"https:\/\/www.ahbvpf.pt\/index.php?rest_route=\/wp\/v2\/pages\/2728\/revisions\/4580"}],"wp:attachment":[{"href":"https:\/\/www.ahbvpf.pt\/index.php?rest_route=%2Fwp%2Fv2%2Fmedia&parent=2728"}],"curies":[{"name":"wp","href":"https:\/\/api.w.org\/{rel}","templated":true}]}}